{"id":2,"date":"2022-03-18T10:55:09","date_gmt":"2022-03-18T10:55:09","guid":{"rendered":"https:\/\/pharmakum.com\/?page_id=2"},"modified":"2022-03-23T12:01:40","modified_gmt":"2022-03-23T12:01:40","slug":"nosotros","status":"publish","type":"page","link":"https:\/\/pharmakum.com\/index.php\/nosotros\/","title":{"rendered":"Nosotros"},"content":{"rendered":"\n<h3 class=\"wp-block-heading\">Quienes Somos<\/h3>\n\n\n\n<p>Somos una empresa al servicio de la salud animal a trav\u00e9s de la producci\u00f3n, distribuci\u00f3n y mercadeo de productos farmac\u00e9uticos veterinarios para distintos rubros, bovinos, equinos, caprinos porcinos, aves y mascotas, dirigida principalmente al mercado Venezolano.<\/p>\n\n\n\n<h3 class=\"wp-block-heading\">Nuestra Historia<\/h3>\n\n\n\n<p><strong>Laboratorios Pharmakum de Venezuela C.A.<\/strong> nace en el a\u00f1o 2004, como consecuencia de la separaci\u00f3n de Pharmakum Laboratorios, C.A., empresa creada en el a\u00f1o 2000 y quien desarrolla las primeras l\u00edneas de comercializaci\u00f3n de productos farmac\u00e9uticos veterinarios, que hoy en d\u00eda produce y comercializa <strong>Laboratorios Pharmakum de Venezuela, C.A.<\/strong> que responsablemente gerenciada y soportada por un gran equipo de hombres y mujeres, desarrollan, producen y comercializan importantes l\u00edneas de productos al servicio de la ganader\u00eda nacional y el sector de animales de compa\u00f1\u00eda.<\/p>\n\n\n\n<p><strong>Laboratorios Pharmakum de Venezuela C.A.<\/strong> incrementa su capacidad de producci\u00f3n con el acondicionamiento de \u00e1reas, la adquisici\u00f3n de maquinarias, equipos y la contrataci\u00f3n de mano de obra especializada, con la finalidad de desarrollar y elaborar innovadoras l\u00edneas farmac\u00e9uticas, de la m\u00e1s alta calidad, para satisfacer las necesidades de productos y servicio de sus clientes.<\/p>\n\n\n\n<p><strong>Laboratorios Pharmakum de Venezuela C.A.<\/strong> esta ubicado en Maracay, ciudad jard\u00edn de Venezuela, donde nace y se consolida y desde donde distribuye hacia todo el pa\u00eds, a trav\u00e9s de su cuerpo de ventas, profesionales exitosos, sus productos y servicios para satisfacer las necesidades del sector agropecuario y de animales de compa\u00f1\u00eda.<\/p>\n\n\n\n<h3 class=\"wp-block-heading\">Relevancia o peso especifico dentro del mercado<\/h3>\n\n\n\n<p>Nuestra empresa esta colocada en una posici\u00f3n importante, en la investigaci\u00f3n, desarrollo y comercializaci\u00f3n de productos farmac\u00e9uticos veterinarios, orientando nuestros esfuerzos a exceder las expectativas de nuestros clientes, haciendo \u00e9nfasis en la \u00e9tica, la innovaci\u00f3n y excelencia.<\/p>\n\n\n\n<section id=\"secEnlacesBottom\" class=\"csx4-section\">\n\t<div class=\"enlace\"><div class=\"link-bottom\"><a href=\"\/index.php\/mision-vision-valores\/\" class=\"btn btn-primary\" role=\"button\"> Misi\u00f3n, Visi\u00f3n, Valores <\/a><\/div><\/div>\n\t<div class=\"enlace\"><div class=\"link-bottom\"><a href=\"\/index.php\/contactenos\/\" class=\"btn btn-primary\" role=\"button\"> Cont\u00e1ctenos <\/a><\/div><\/div>\n\t<div class=\"enlace\"><div class=\"link-bottom\"><a href=\"\/index.php\/faq\/\" class=\"btn btn-primary\" role=\"button\"> FAQ <\/a><\/div><\/div>\n<\/section>\n","protected":false},"excerpt":{"rendered":"<p>Quienes Somos Somos una empresa al servicio de la salud animal a trav\u00e9s de la producci\u00f3n, distribuci\u00f3n y mercadeo de productos farmac\u00e9uticos veterinarios para distintos rubros, bovinos, equinos, caprinos porcinos, aves y mascotas, dirigida principalmente al mercado Venezolano. Nuestra Historia Laboratorios Pharmakum de Venezuela C.A. nace en el a\u00f1o 2004, como consecuencia de la separaci\u00f3n [&hellip;]<\/p>\n","protected":false},"author":1,"featured_media":0,"parent":0,"menu_order":0,"comment_status":"closed","ping_status":"closed","template":"","meta":{"footnotes":""},"class_list":["post-2","page","type-page","status-publish","hentry"],"_links":{"self":[{"href":"https:\/\/pharmakum.com\/index.php\/wp-json\/wp\/v2\/pages\/2","targetHints":{"allow":["GET"]}}],"collection":[{"href":"https:\/\/pharmakum.com\/index.php\/wp-json\/wp\/v2\/pages"}],"about":[{"href":"https:\/\/pharmakum.com\/index.php\/wp-json\/wp\/v2\/types\/page"}],"author":[{"embeddable":true,"href":"https:\/\/pharmakum.com\/index.php\/wp-json\/wp\/v2\/users\/1"}],"replies":[{"embeddable":true,"href":"https:\/\/pharmakum.com\/index.php\/wp-json\/wp\/v2\/comments?post=2"}],"version-history":[{"count":6,"href":"https:\/\/pharmakum.com\/index.php\/wp-json\/wp\/v2\/pages\/2\/revisions"}],"predecessor-version":[{"id":766,"href":"https:\/\/pharmakum.com\/index.php\/wp-json\/wp\/v2\/pages\/2\/revisions\/766"}],"wp:attachment":[{"href":"https:\/\/pharmakum.com\/index.php\/wp-json\/wp\/v2\/media?parent=2"}],"curies":[{"name":"wp","href":"https:\/\/api.w.org\/{rel}","templated":true}]}}