{"id":173,"date":"2014-02-06T05:25:45","date_gmt":"2014-02-06T09:55:45","guid":{"rendered":"https:\/\/pharmakum.com\/?post_type=products&#038;p=53"},"modified":"2022-06-20T16:03:24","modified_gmt":"2022-06-20T16:03:24","slug":"tilvix-200","status":"publish","type":"product","link":"https:\/\/pharmakum.com\/index.php\/producto\/tilvix-200\/","title":{"rendered":"Tilvix20"},"content":{"rendered":"<p><img loading=\"lazy\" decoding=\"async\" class=\"wp-image-701 size-medium alignleft\" src=\"https:\/\/pharmakum.com\/wp-content\/uploads\/2022\/06\/tilvix20-300x232.png\" alt=\"Tilvix 20\" width=\"150\" height=\"116\" srcset=\"https:\/\/pharmakum.com\/wp-content\/uploads\/2022\/06\/tilvix20-300x232.png 300w, https:\/\/pharmakum.com\/wp-content\/uploads\/2022\/06\/tilvix20-150x116.png 150w, https:\/\/pharmakum.com\/wp-content\/uploads\/2022\/06\/tilvix20-768x593.png 768w, https:\/\/pharmakum.com\/wp-content\/uploads\/2022\/06\/tilvix20-600x464.png 600w, https:\/\/pharmakum.com\/wp-content\/uploads\/2022\/06\/tilvix20.png 792w\" sizes=\"auto, (max-width: 150px) 100vw, 150px\" \/><\/p>\n<p style=\"text-align: justify;\"><strong>Tilvix20\u00ae<\/strong>, aplicable a:<\/p>\n<p style=\"text-align: justify;\">Porcinos: Neumon\u00edas causadas por Pasteurella multocida y Actinomices pyogenes, Artritis e infecciones secundarias a Infecciones virales y Heridas infectadas.<br \/>\nBovinos: Neumon\u00edas asociadas, Septicemia hemorr\u00e1gica, Pododermatitis necr\u00f3tica, Mastitis causadas por Streptococcus y Staphylococcus, Neumoenteritis de los terneros, Infecciones bacterianas secundarias a Infecciones virales y Heridas infectadas.<\/p>\n","protected":false},"excerpt":{"rendered":"<p><strong>Tilvix20\u00ae<\/strong>, Neumon\u00edas asociadas Pasteurella multocida, Actinomices pyogenes, Septicemia hemorr\u00e1gica, Pododermatitis necr\u00f3tica. Artritis e infecciones secundarias a Infecciones virales y Heridas infectadas. Mastitis causadas por Streptococcus y Staphylococcus, Neumoenteritis de terneros.<\/p>\n","protected":false},"featured_media":700,"comment_status":"closed","ping_status":"closed","template":"","meta":[],"product_cat":[19,27,25],"product_tag":[48,40,209,173,81,210],"class_list":["post-173","product","type-product","status-publish","has-post-thumbnail","hentry","product_cat-bovino","product_cat-linea-antibiotica","product_cat-porcino","product_tag-antibiotico","product_tag-bovino","product_tag-micoplasma","product_tag-micoplasmosis","product_tag-porcino","product_tag-treponema-hyodisenteriae"],"_links":{"self":[{"href":"https:\/\/pharmakum.com\/index.php\/wp-json\/wp\/v2\/product\/173","targetHints":{"allow":["GET"]}}],"collection":[{"href":"https:\/\/pharmakum.com\/index.php\/wp-json\/wp\/v2\/product"}],"about":[{"href":"https:\/\/pharmakum.com\/index.php\/wp-json\/wp\/v2\/types\/product"}],"replies":[{"embeddable":true,"href":"https:\/\/pharmakum.com\/index.php\/wp-json\/wp\/v2\/comments?post=173"}],"wp:featuredmedia":[{"embeddable":true,"href":"https:\/\/pharmakum.com\/index.php\/wp-json\/wp\/v2\/media\/700"}],"wp:attachment":[{"href":"https:\/\/pharmakum.com\/index.php\/wp-json\/wp\/v2\/media?parent=173"}],"wp:term":[{"taxonomy":"product_cat","embeddable":true,"href":"https:\/\/pharmakum.com\/index.php\/wp-json\/wp\/v2\/product_cat?post=173"},{"taxonomy":"product_tag","embeddable":true,"href":"https:\/\/pharmakum.com\/index.php\/wp-json\/wp\/v2\/product_tag?post=173"}],"curies":[{"name":"wp","href":"https:\/\/api.w.org\/{rel}","templated":true}]}}