{"id":177,"date":"2014-02-06T06:06:27","date_gmt":"2014-02-06T10:36:27","guid":{"rendered":"https:\/\/pharmakum.com\/?post_type=products&#038;p=65"},"modified":"2022-06-20T15:49:09","modified_gmt":"2022-06-20T15:49:09","slug":"xeruk-solucion-limpia-oidos","status":"publish","type":"product","link":"https:\/\/pharmakum.com\/index.php\/producto\/xeruk-solucion-limpia-oidos\/","title":{"rendered":"Xeruk Soluci\u00f3n Limpia Oidos"},"content":{"rendered":"<p><img loading=\"lazy\" decoding=\"async\" class=\"wp-image-619 size-medium alignleft\" src=\"https:\/\/pharmakum.com\/wp-content\/uploads\/2022\/04\/xeruk-300x232.png\" alt=\"Xeruk\" width=\"150\" height=\"116\" srcset=\"https:\/\/pharmakum.com\/wp-content\/uploads\/2022\/04\/xeruk-300x232.png 300w, https:\/\/pharmakum.com\/wp-content\/uploads\/2022\/04\/xeruk-150x116.png 150w, https:\/\/pharmakum.com\/wp-content\/uploads\/2022\/04\/xeruk-768x593.png 768w, https:\/\/pharmakum.com\/wp-content\/uploads\/2022\/04\/xeruk-600x464.png 600w, https:\/\/pharmakum.com\/wp-content\/uploads\/2022\/04\/xeruk.png 792w\" sizes=\"auto, (max-width: 150px) 100vw, 150px\" \/><\/p>\n<div>\n<p style=\"text-align: justify;\"><strong>Xeruk\u00ae <em>Soluci\u00f3n Limpia Oidos<\/em><\/strong>, en caninos y felinos para la prevenci\u00f3n de otitis al promover la higiene del canal auditivo, su uso se indica tambi\u00e9n en la limpieza y preparaci\u00f3n del canal auditivo previo al tratamiento con antibi\u00f3tico y\/o corticoides, promueve la cicatrizaci\u00f3n del tejido necrosado en orejas, en infecciones micoticas y\/o bacterianas.<\/p>\n<\/div>\n","protected":false},"excerpt":{"rendered":"<p><strong>Xeruk\u00ae <em>Soluci\u00f3n Limpia Oidos<\/em><\/strong>, para prevenci\u00f3n de otitis, la limpieza y preparaci\u00f3n del canal auditivo previo al tratamiento con antibi\u00f3tico y\/o corticoides, promueve la cicatrizaci\u00f3n del tejido necrosado en orejas, infecciones micoticas y\/o bacterianas.<\/p>\n","protected":false},"featured_media":539,"comment_status":"closed","ping_status":"closed","template":"","meta":[],"product_cat":[20,22,29],"product_tag":[45,113,46,118,120,129,127,128,131,130],"class_list":["post-177","product","type-product","status-publish","has-post-thumbnail","hentry","product_cat-caninos","product_cat-felinos","product_cat-linea-cosmetica","product_tag-caninos","product_tag-cosmetica","product_tag-felinos","product_tag-higiene","product_tag-laurilsulfato","product_tag-licerina","product_tag-limpieza","product_tag-oido","product_tag-otitis","product_tag-propilenglicol"],"_links":{"self":[{"href":"https:\/\/pharmakum.com\/index.php\/wp-json\/wp\/v2\/product\/177","targetHints":{"allow":["GET"]}}],"collection":[{"href":"https:\/\/pharmakum.com\/index.php\/wp-json\/wp\/v2\/product"}],"about":[{"href":"https:\/\/pharmakum.com\/index.php\/wp-json\/wp\/v2\/types\/product"}],"replies":[{"embeddable":true,"href":"https:\/\/pharmakum.com\/index.php\/wp-json\/wp\/v2\/comments?post=177"}],"wp:featuredmedia":[{"embeddable":true,"href":"https:\/\/pharmakum.com\/index.php\/wp-json\/wp\/v2\/media\/539"}],"wp:attachment":[{"href":"https:\/\/pharmakum.com\/index.php\/wp-json\/wp\/v2\/media?parent=177"}],"wp:term":[{"taxonomy":"product_cat","embeddable":true,"href":"https:\/\/pharmakum.com\/index.php\/wp-json\/wp\/v2\/product_cat?post=177"},{"taxonomy":"product_tag","embeddable":true,"href":"https:\/\/pharmakum.com\/index.php\/wp-json\/wp\/v2\/product_tag?post=177"}],"curies":[{"name":"wp","href":"https:\/\/api.w.org\/{rel}","templated":true}]}}