{"id":180,"date":"2014-02-06T09:54:13","date_gmt":"2014-02-06T14:24:13","guid":{"rendered":"https:\/\/pharmakum.com\/?post_type=products&#038;p=76"},"modified":"2022-06-20T15:37:17","modified_gmt":"2022-06-20T15:37:17","slug":"kixo-express","status":"publish","type":"product","link":"https:\/\/pharmakum.com\/index.php\/producto\/kixo-express\/","title":{"rendered":"KIXO Express"},"content":{"rendered":"<p><img loading=\"lazy\" decoding=\"async\" class=\"wp-image-617 size-medium alignleft\" src=\"https:\/\/pharmakum.com\/wp-content\/uploads\/2022\/04\/kixo-express-300x232.png\" alt=\"KIXO-Express\" width=\"150\" height=\"116\" srcset=\"https:\/\/pharmakum.com\/wp-content\/uploads\/2022\/04\/kixo-express-300x232.png 300w, https:\/\/pharmakum.com\/wp-content\/uploads\/2022\/04\/kixo-express-150x116.png 150w, https:\/\/pharmakum.com\/wp-content\/uploads\/2022\/04\/kixo-express-768x593.png 768w, https:\/\/pharmakum.com\/wp-content\/uploads\/2022\/04\/kixo-express-600x464.png 600w, https:\/\/pharmakum.com\/wp-content\/uploads\/2022\/04\/kixo-express.png 792w\" sizes=\"auto, (max-width: 150px) 100vw, 150px\" \/><\/p>\n<div>\n<p style=\"text-align: justify;\"><strong>KIXO\u00ae <em>Express<\/em><\/strong>, soluci\u00f3n limpiante y detergente, hipoalerg\u00e9nico, especialmente formulada para la limpieza de mascotas convalecientes, en post-operatorio, seniles y cachorros.<\/p>\n<p style=\"text-align: justify;\">Aporta una limpieza efectiva, suavidad al pelaje y segura aplicaci\u00f3n, convirti\u00e9ndose en un excelente aliado para la higiene y limpieza de mascotas, en los casos donde el ba\u00f1o tradicional est\u00e1 contraindicado.<\/p>\n<\/div>\n","protected":false},"excerpt":{"rendered":"<p><strong>KIXO\u00ae <em>Express<\/em><\/strong>, soluci\u00f3n limpiante y detergente, hipoalerg\u00e9nico, especialmente formulada para la limpieza de mascotas convalecientes, en post-operatorio, seniles y cachorros.<\/p>\n","protected":false},"featured_media":515,"comment_status":"closed","ping_status":"closed","template":"","meta":[],"product_cat":[20,22,29],"product_tag":[116,45,113,114,46,118,115,117],"class_list":["post-180","product","type-product","status-publish","has-post-thumbnail","hentry","product_cat-caninos","product_cat-felinos","product_cat-linea-cosmetica","product_tag-aseo","product_tag-caninos","product_tag-cosmetica","product_tag-detergente","product_tag-felinos","product_tag-higiene","product_tag-hipoalergenica","product_tag-mascota"],"_links":{"self":[{"href":"https:\/\/pharmakum.com\/index.php\/wp-json\/wp\/v2\/product\/180","targetHints":{"allow":["GET"]}}],"collection":[{"href":"https:\/\/pharmakum.com\/index.php\/wp-json\/wp\/v2\/product"}],"about":[{"href":"https:\/\/pharmakum.com\/index.php\/wp-json\/wp\/v2\/types\/product"}],"replies":[{"embeddable":true,"href":"https:\/\/pharmakum.com\/index.php\/wp-json\/wp\/v2\/comments?post=180"}],"wp:featuredmedia":[{"embeddable":true,"href":"https:\/\/pharmakum.com\/index.php\/wp-json\/wp\/v2\/media\/515"}],"wp:attachment":[{"href":"https:\/\/pharmakum.com\/index.php\/wp-json\/wp\/v2\/media?parent=180"}],"wp:term":[{"taxonomy":"product_cat","embeddable":true,"href":"https:\/\/pharmakum.com\/index.php\/wp-json\/wp\/v2\/product_cat?post=180"},{"taxonomy":"product_tag","embeddable":true,"href":"https:\/\/pharmakum.com\/index.php\/wp-json\/wp\/v2\/product_tag?post=180"}],"curies":[{"name":"wp","href":"https:\/\/api.w.org\/{rel}","templated":true}]}}