{"id":182,"date":"2014-02-06T10:20:42","date_gmt":"2014-02-06T14:50:42","guid":{"rendered":"https:\/\/pharmakum.com\/?post_type=products&#038;p=83"},"modified":"2022-06-20T15:41:28","modified_gmt":"2022-06-20T15:41:28","slug":"oxitocina","status":"publish","type":"product","link":"https:\/\/pharmakum.com\/index.php\/producto\/oxitocina\/","title":{"rendered":"Oxitocina"},"content":{"rendered":"<p><img loading=\"lazy\" decoding=\"async\" class=\"wp-image-150 size-medium alignleft\" src=\"https:\/\/pharmakum.com\/wp-content\/uploads\/2022\/03\/oxitocina-300x232.png\" alt=\"Oxitocina\" width=\"150\" height=\"116\" srcset=\"https:\/\/pharmakum.com\/wp-content\/uploads\/2022\/03\/oxitocina-300x232.png 300w, https:\/\/pharmakum.com\/wp-content\/uploads\/2022\/03\/oxitocina-150x116.png 150w, https:\/\/pharmakum.com\/wp-content\/uploads\/2022\/03\/oxitocina-768x593.png 768w, https:\/\/pharmakum.com\/wp-content\/uploads\/2022\/03\/oxitocina.png 792w\" sizes=\"auto, (max-width: 150px) 100vw, 150px\" \/><\/p>\n<div>\n<p style=\"text-align: justify;\"><strong>Oxitocina<\/strong>, en hembras para provocar contracciones uterinas en partos, hemorragias post-parto, expulsi\u00f3n de placentas, como coadyuvante al tratamiento antibi\u00f3tico en los casos de metritis s\u00e9pticas y piometras, como estimulante de la secreci\u00f3n l\u00e1ctea en vacas y cerdas con agalaxia.<\/p>\n<\/div>\n","protected":false},"excerpt":{"rendered":"<p><strong>Oxitocina<\/strong>, aplicable para provocar contracciones uterinas en partos, hemorragias post-parto, expulsi\u00f3n de placentas, como coadyuvante al tratamiento antibi\u00f3tico en casos de metritis s\u00e9pticas y piometras, como estimulante secreci\u00f3n l\u00e1ctea.<\/p>\n","protected":false},"featured_media":525,"comment_status":"closed","ping_status":"closed","template":"","meta":[],"product_cat":[19,20,21,22,32,25],"product_tag":[107,40,45,104,103,86,46,105,106,81],"class_list":["post-182","product","type-product","status-publish","has-post-thumbnail","hentry","product_cat-bovino","product_cat-caninos","product_cat-equinos","product_cat-felinos","product_cat-linea-hormonal","product_cat-porcino","product_tag-agalaxia","product_tag-bovino","product_tag-caninos","product_tag-contraccion-uterina","product_tag-contracciones-uterinas","product_tag-equinos","product_tag-felinos","product_tag-metritis-septicas","product_tag-piometras","product_tag-porcino"],"_links":{"self":[{"href":"https:\/\/pharmakum.com\/index.php\/wp-json\/wp\/v2\/product\/182","targetHints":{"allow":["GET"]}}],"collection":[{"href":"https:\/\/pharmakum.com\/index.php\/wp-json\/wp\/v2\/product"}],"about":[{"href":"https:\/\/pharmakum.com\/index.php\/wp-json\/wp\/v2\/types\/product"}],"replies":[{"embeddable":true,"href":"https:\/\/pharmakum.com\/index.php\/wp-json\/wp\/v2\/comments?post=182"}],"wp:featuredmedia":[{"embeddable":true,"href":"https:\/\/pharmakum.com\/index.php\/wp-json\/wp\/v2\/media\/525"}],"wp:attachment":[{"href":"https:\/\/pharmakum.com\/index.php\/wp-json\/wp\/v2\/media?parent=182"}],"wp:term":[{"taxonomy":"product_cat","embeddable":true,"href":"https:\/\/pharmakum.com\/index.php\/wp-json\/wp\/v2\/product_cat?post=182"},{"taxonomy":"product_tag","embeddable":true,"href":"https:\/\/pharmakum.com\/index.php\/wp-json\/wp\/v2\/product_tag?post=182"}],"curies":[{"name":"wp","href":"https:\/\/api.w.org\/{rel}","templated":true}]}}