{"id":186,"date":"2014-02-06T11:11:05","date_gmt":"2014-02-06T15:41:05","guid":{"rendered":"https:\/\/pharmakum.com\/?post_type=products&#038;p=96"},"modified":"2022-07-01T08:48:52","modified_gmt":"2022-07-01T08:48:52","slug":"kiver-spray","status":"publish","type":"product","link":"https:\/\/pharmakum.com\/index.php\/producto\/kiver-spray\/","title":{"rendered":"KIVER Spray"},"content":{"rendered":"<p><img loading=\"lazy\" decoding=\"async\" class=\"wp-image-70 size-full alignleft\" src=\"https:\/\/pharmakum.com\/wp-content\/uploads\/2022\/02\/kiver-spray.png\" alt=\"Kiver spray\" width=\"150\" height=\"130\" \/><\/p>\n<div>\n<p style=\"text-align: justify;\"><strong>KIVER <em>Spray<\/em><\/strong>, es aplicable a Bovinos, Caprinos, Ovinos y Porcinos para el tratamiento de miasis localizadas, cura de ombligos. Efectivo como protector de heridas en castraciones, cirug\u00edas y heridas en general. Para el tratamiento de parasitosis externas como: Sarna Demod\u00e9ctica, Sarna Sarc\u00f3ptica.<\/p>\n<\/div>\n","protected":false},"excerpt":{"rendered":"<p><strong>KIVER <em>Spray<\/em><\/strong>, aplica a Bovinos, Caprinos, Ovinos y Porcinos para tratamiento de miasis localizadas, cura de ombligos. Efectivo en heridas de castraciones, cirug\u00edas y heridas. Para: Sarna Demod\u00e9ctica, Sarna Sarc\u00f3ptica.<\/p>\n","protected":false},"featured_media":696,"comment_status":"closed","ping_status":"closed","template":"","meta":[],"product_cat":[19,20,30,31,23,25],"product_tag":[40,45,80,91,92,46,100,39,79,81],"class_list":["post-186","product","type-product","status-publish","has-post-thumbnail","hentry","product_cat-bovino","product_cat-caninos","product_cat-linea-dermatologica","product_cat-linea-desparasitante","product_cat-ovino-caprino","product_cat-porcino","product_tag-bovino","product_tag-caninos","product_tag-caprino","product_tag-cicatrizacion","product_tag-cicatrizante","product_tag-felinos","product_tag-herida","product_tag-ivermectina","product_tag-ovino","product_tag-porcino"],"_links":{"self":[{"href":"https:\/\/pharmakum.com\/index.php\/wp-json\/wp\/v2\/product\/186","targetHints":{"allow":["GET"]}}],"collection":[{"href":"https:\/\/pharmakum.com\/index.php\/wp-json\/wp\/v2\/product"}],"about":[{"href":"https:\/\/pharmakum.com\/index.php\/wp-json\/wp\/v2\/types\/product"}],"replies":[{"embeddable":true,"href":"https:\/\/pharmakum.com\/index.php\/wp-json\/wp\/v2\/comments?post=186"}],"wp:featuredmedia":[{"embeddable":true,"href":"https:\/\/pharmakum.com\/index.php\/wp-json\/wp\/v2\/media\/696"}],"wp:attachment":[{"href":"https:\/\/pharmakum.com\/index.php\/wp-json\/wp\/v2\/media?parent=186"}],"wp:term":[{"taxonomy":"product_cat","embeddable":true,"href":"https:\/\/pharmakum.com\/index.php\/wp-json\/wp\/v2\/product_cat?post=186"},{"taxonomy":"product_tag","embeddable":true,"href":"https:\/\/pharmakum.com\/index.php\/wp-json\/wp\/v2\/product_tag?post=186"}],"curies":[{"name":"wp","href":"https:\/\/api.w.org\/{rel}","templated":true}]}}