{"id":190,"date":"2014-02-17T06:03:15","date_gmt":"2014-02-17T10:33:15","guid":{"rendered":"https:\/\/pharmakum.com\/?post_type=products&#038;p=187"},"modified":"2022-06-20T15:08:47","modified_gmt":"2022-06-20T15:08:47","slug":"ciclonac","status":"publish","type":"product","link":"https:\/\/pharmakum.com\/index.php\/producto\/ciclonac\/","title":{"rendered":"Ciclonac"},"content":{"rendered":"<p><img loading=\"lazy\" decoding=\"async\" class=\"size-medium wp-image-122 alignleft\" src=\"https:\/\/pharmakum.com\/wp-content\/uploads\/2022\/03\/ciclonac-300x232.png\" alt=\"Ciclonac\" width=\"150\" height=\"116\" srcset=\"https:\/\/pharmakum.com\/wp-content\/uploads\/2022\/03\/ciclonac-300x232.png 300w, https:\/\/pharmakum.com\/wp-content\/uploads\/2022\/03\/ciclonac-150x116.png 150w, https:\/\/pharmakum.com\/wp-content\/uploads\/2022\/03\/ciclonac-768x593.png 768w, https:\/\/pharmakum.com\/wp-content\/uploads\/2022\/03\/ciclonac.png 792w\" sizes=\"auto, (max-width: 150px) 100vw, 150px\" \/><\/p>\n<p style=\"text-align: justify;\"><strong>Ciclonac<\/strong>, est\u00e1 indicado en bovinos, equinos, ovinos, caprinos y porcinos en caso de procesos inflamatorios que causen fiebre, dolor que interfieran con la actividad normal de los animales dom\u00e9sticos. En traumatismo, procesos post operatorios, des\u00f3rdenes m\u00fasculos-esquel\u00e9ticos como: artritis, espondilitis, bursitis, miositis o en derivados de traumatismo como fracturas, distensiones musculares o de ligamentos. S\u00edndrome doloroso en cadera, columna vertebral y extremidades, en neuritis y dolores viscerales (c\u00f3licos). Mastitis aguda, metritis, vulvo-vaginitis y como coadyuvante con antimicrobianos en infecciones de cualquier tejido.<\/p>\n","protected":false},"excerpt":{"rendered":"<p><strong>Ciclonac<\/strong>, est\u00e1 indicado en bovinos, equinos, ovinos, caprinos y porcinos en caso de procesos inflamatorios que causen fiebre, dolor que interfieran con la actividad normal de los animales dom\u00e9sticos.<\/p>\n","protected":false},"featured_media":475,"comment_status":"closed","ping_status":"closed","template":"","meta":[],"product_cat":[19,21,28,23,25],"product_tag":[75,76,74,77,40,80,73,86,79,81],"class_list":["post-190","product","type-product","status-publish","has-post-thumbnail","hentry","product_cat-bovino","product_cat-equinos","product_cat-linea-antiinflamatoria","product_cat-ovino-caprino","product_cat-porcino","product_tag-analgesica","product_tag-antiinflamatorio","product_tag-antiinflamatorio-no-esteroideo","product_tag-antipiretica","product_tag-bovino","product_tag-caprino","product_tag-ciclonac","product_tag-equinos","product_tag-ovino","product_tag-porcino"],"_links":{"self":[{"href":"https:\/\/pharmakum.com\/index.php\/wp-json\/wp\/v2\/product\/190","targetHints":{"allow":["GET"]}}],"collection":[{"href":"https:\/\/pharmakum.com\/index.php\/wp-json\/wp\/v2\/product"}],"about":[{"href":"https:\/\/pharmakum.com\/index.php\/wp-json\/wp\/v2\/types\/product"}],"replies":[{"embeddable":true,"href":"https:\/\/pharmakum.com\/index.php\/wp-json\/wp\/v2\/comments?post=190"}],"wp:featuredmedia":[{"embeddable":true,"href":"https:\/\/pharmakum.com\/index.php\/wp-json\/wp\/v2\/media\/475"}],"wp:attachment":[{"href":"https:\/\/pharmakum.com\/index.php\/wp-json\/wp\/v2\/media?parent=190"}],"wp:term":[{"taxonomy":"product_cat","embeddable":true,"href":"https:\/\/pharmakum.com\/index.php\/wp-json\/wp\/v2\/product_cat?post=190"},{"taxonomy":"product_tag","embeddable":true,"href":"https:\/\/pharmakum.com\/index.php\/wp-json\/wp\/v2\/product_tag?post=190"}],"curies":[{"name":"wp","href":"https:\/\/api.w.org\/{rel}","templated":true}]}}