{"id":197,"date":"2014-02-17T06:56:10","date_gmt":"2014-02-17T11:26:10","guid":{"rendered":"https:\/\/pharmakum.com\/?post_type=products&#038;p=197"},"modified":"2022-06-20T15:46:39","modified_gmt":"2022-06-20T15:46:39","slug":"trisak","status":"publish","type":"product","link":"https:\/\/pharmakum.com\/index.php\/producto\/trisak\/","title":{"rendered":"Trisak"},"content":{"rendered":"<p><img loading=\"lazy\" decoding=\"async\" class=\"wp-image-618 size-medium alignleft\" src=\"https:\/\/pharmakum.com\/wp-content\/uploads\/2022\/04\/trisak-300x232.png\" alt=\"Trisak\" width=\"150\" height=\"116\" srcset=\"https:\/\/pharmakum.com\/wp-content\/uploads\/2022\/04\/trisak-300x232.png 300w, https:\/\/pharmakum.com\/wp-content\/uploads\/2022\/04\/trisak-150x116.png 150w, https:\/\/pharmakum.com\/wp-content\/uploads\/2022\/04\/trisak-768x593.png 768w, https:\/\/pharmakum.com\/wp-content\/uploads\/2022\/04\/trisak-600x464.png 600w, https:\/\/pharmakum.com\/wp-content\/uploads\/2022\/04\/trisak.png 792w\" sizes=\"auto, (max-width: 150px) 100vw, 150px\" \/><\/p>\n<div>\n<p style=\"text-align: justify;\"><strong>Trisak<\/strong>, est\u00e1 indicado en caninos adultos de razas peque\u00f1as (hasta 2,5 kg) y razas medianas (hasta 6 kg) en infecciones por nematodes del g\u00e9nero: Toxocara canis, Toxascaris leonima, Trichuris vulpis, Ancylostoma canium, Dirofilaria inmitis. Cestodos de los g\u00e9neros taenia spp, Dipylidium canium, Echinococcus spp, en felinos indicado en infecciones por nematodos del g\u00e9nero Toxocara spp, Ancylotoma spp, Dirofilaria spp.<\/p>\n<\/div>\n","protected":false},"excerpt":{"rendered":"<p><strong>Trisak<\/strong>, para infecciones nematodes g\u00e9nero: Toxocara canis, Toxascaris leonima, Trichuris vulpis, Ancylostoma canium, Dirofilaria inmitis, Toxocara spp, Ancylotoma spp, Dirofilaria spp. Cestodos de g\u00e9nero: taenia spp, Dipylidium canium, Echinococcus spp.<\/p>\n","protected":false},"featured_media":535,"comment_status":"closed","ping_status":"closed","template":"","meta":[],"product_cat":[20,22,31],"product_tag":[55,45,94,46,54],"class_list":["post-197","product","type-product","status-publish","has-post-thumbnail","hentry","product_cat-caninos","product_cat-felinos","product_cat-linea-desparasitante","product_tag-antiparasitario","product_tag-caninos","product_tag-desparasitante","product_tag-felinos","product_tag-trisak"],"_links":{"self":[{"href":"https:\/\/pharmakum.com\/index.php\/wp-json\/wp\/v2\/product\/197","targetHints":{"allow":["GET"]}}],"collection":[{"href":"https:\/\/pharmakum.com\/index.php\/wp-json\/wp\/v2\/product"}],"about":[{"href":"https:\/\/pharmakum.com\/index.php\/wp-json\/wp\/v2\/types\/product"}],"replies":[{"embeddable":true,"href":"https:\/\/pharmakum.com\/index.php\/wp-json\/wp\/v2\/comments?post=197"}],"wp:featuredmedia":[{"embeddable":true,"href":"https:\/\/pharmakum.com\/index.php\/wp-json\/wp\/v2\/media\/535"}],"wp:attachment":[{"href":"https:\/\/pharmakum.com\/index.php\/wp-json\/wp\/v2\/media?parent=197"}],"wp:term":[{"taxonomy":"product_cat","embeddable":true,"href":"https:\/\/pharmakum.com\/index.php\/wp-json\/wp\/v2\/product_cat?post=197"},{"taxonomy":"product_tag","embeddable":true,"href":"https:\/\/pharmakum.com\/index.php\/wp-json\/wp\/v2\/product_tag?post=197"}],"curies":[{"name":"wp","href":"https:\/\/api.w.org\/{rel}","templated":true}]}}