{"id":358,"date":"2014-06-13T09:46:08","date_gmt":"2014-06-13T14:16:08","guid":{"rendered":"https:\/\/pharmakum.com\/?post_type=products&#038;p=358"},"modified":"2022-06-20T15:42:03","modified_gmt":"2022-06-20T15:42:03","slug":"probenzoil","status":"publish","type":"product","link":"https:\/\/pharmakum.com\/index.php\/producto\/probenzoil\/","title":{"rendered":"PROBENZOIL"},"content":{"rendered":"<p><img loading=\"lazy\" decoding=\"async\" class=\"size-medium wp-image-151 alignleft\" src=\"https:\/\/pharmakum.com\/wp-content\/uploads\/2022\/03\/pro-benzoil-300x232.png\" alt=\"PRO-BENZOIL\" width=\"150\" height=\"116\" srcset=\"https:\/\/pharmakum.com\/wp-content\/uploads\/2022\/03\/pro-benzoil-300x232.png 300w, https:\/\/pharmakum.com\/wp-content\/uploads\/2022\/03\/pro-benzoil-150x116.png 150w, https:\/\/pharmakum.com\/wp-content\/uploads\/2022\/03\/pro-benzoil-768x593.png 768w, https:\/\/pharmakum.com\/wp-content\/uploads\/2022\/03\/pro-benzoil.png 792w\" sizes=\"auto, (max-width: 150px) 100vw, 150px\" \/><\/p>\n<p style=\"text-align: justify;\"><strong>PROBENZOIL<\/strong>, es un champ\u00fa antis\u00e9ptico y antiseborreico indicado en caninos y felinos para el tratamiento de piodermas, seborrea oleosa, acn\u00e9 canino y como tratamiento previo al ba\u00f1o antiparasitario en pacientes con sarna demod\u00e9cica.<\/p>\n","protected":false},"excerpt":{"rendered":"<p><strong>PROBENZOIL<\/strong>, champ\u00fa antis\u00e9ptico y antiseborreico indicado en caninos y felinos para tratar la piodermas, seborrea oleosa, acn\u00e9 canino y previo al ba\u00f1o antiparasitario en pacientes con sarna demod\u00e9cica.<\/p>\n","protected":false},"featured_media":527,"comment_status":"closed","ping_status":"closed","template":"","meta":[],"product_cat":[20,22,30],"product_tag":[44,43,45,42,47,46,62],"class_list":["post-358","product","type-product","status-publish","has-post-thumbnail","hentry","product_cat-caninos","product_cat-felinos","product_cat-linea-dermatologica","product_tag-antiseborreico","product_tag-antiseptico","product_tag-caninos","product_tag-champu","product_tag-dermatologica","product_tag-felinos","product_tag-pro-benzoil"],"_links":{"self":[{"href":"https:\/\/pharmakum.com\/index.php\/wp-json\/wp\/v2\/product\/358","targetHints":{"allow":["GET"]}}],"collection":[{"href":"https:\/\/pharmakum.com\/index.php\/wp-json\/wp\/v2\/product"}],"about":[{"href":"https:\/\/pharmakum.com\/index.php\/wp-json\/wp\/v2\/types\/product"}],"replies":[{"embeddable":true,"href":"https:\/\/pharmakum.com\/index.php\/wp-json\/wp\/v2\/comments?post=358"}],"wp:featuredmedia":[{"embeddable":true,"href":"https:\/\/pharmakum.com\/index.php\/wp-json\/wp\/v2\/media\/527"}],"wp:attachment":[{"href":"https:\/\/pharmakum.com\/index.php\/wp-json\/wp\/v2\/media?parent=358"}],"wp:term":[{"taxonomy":"product_cat","embeddable":true,"href":"https:\/\/pharmakum.com\/index.php\/wp-json\/wp\/v2\/product_cat?post=358"},{"taxonomy":"product_tag","embeddable":true,"href":"https:\/\/pharmakum.com\/index.php\/wp-json\/wp\/v2\/product_tag?post=358"}],"curies":[{"name":"wp","href":"https:\/\/api.w.org\/{rel}","templated":true}]}}